{"id":561,"date":"2021-07-31T15:02:31","date_gmt":"2021-07-31T15:02:31","guid":{"rendered":"http:\/\/localhost:8888\/royarch\/?page_id=561"},"modified":"2023-12-07T13:05:41","modified_gmt":"2023-12-07T13:05:41","slug":"contact","status":"publish","type":"page","link":"https:\/\/6sigmamuhendislik.com\/de\/contact\/","title":{"rendered":"Contact"},"content":{"rendered":"<div data-elementor-type=\"wp-page\" data-elementor-id=\"561\" class=\"elementor elementor-561\">\n\t\t\t\t\t\t\t\t\t<section class=\"elementor-section elementor-top-section elementor-element elementor-element-af80569 elementor-section-full_width elementor-section-height-default elementor-section-height-default\" data-id=\"af80569\" data-element_type=\"section\">\n\t\t\t\t\t\t<div class=\"elementor-container elementor-column-gap-no\">\n\t\t\t\t\t<div class=\"elementor-column elementor-col-100 elementor-top-column elementor-element elementor-element-e94a60a\" data-id=\"e94a60a\" data-element_type=\"column\">\n\t\t\t<div class=\"elementor-widget-wrap elementor-element-populated\">\n\t\t\t\t\t\t\t\t<div class=\"elementor-element elementor-element-e4270b4 elementor-widget elementor-widget-Royarch-Global-Widgets-Contact-Block\" data-id=\"e4270b4\" data-element_type=\"widget\" data-widget_type=\"Royarch-Global-Widgets-Contact-Block.default\">\n\t\t\t\t<div class=\"elementor-widget-container\">\n\t\t\t\r\n\t\t<!-- contact-info-section \r\n\t\t\t================================================== -->\r\n\t\t<section class=\"contact-info-section\">\r\n\r\n\t\t\t<div class=\"container\">\r\n\t\t\t\t<div class=\"title-box\">\r\n\t\t\t\t\t<span>Get in touch<\/span>\r\n\t\t\t\t\t<h2>Contact us<\/h2>\r\n\t\t\t\t<\/div>\r\n\t\t\t\t<div class=\"contact-info-box\">\r\n\t\t\t\t\t<div class=\"row g-0\">\r\n\t\t\t\t\t\t\t\t\t\t\t\t\t<div class=\"col-lg-4\">\r\n\t\t\t\t\t\t\t\t<div class=\"contact-info-post\">\r\n\t\t\t\t\t\t\t\t\t<i aria-hidden=\"true\" class=\"fas fa-phone\"><\/i>\t\t\t\t\t\t\t\t\t<div class=\"info-content\">\r\n\t\t\t\t\t\t\t\t\t\t<h4>Reception Desk<\/h4>\r\n\t\t\t\t\t\t\t\t\t\t<p>+90 (552) 247 43 53 \/\n+90 (541) 641 61 88 <\/p>\r\n\t\t\t\t\t\t\t\t\t<\/div>\r\n\t\t\t\t\t\t\t\t<\/div>\r\n\t\t\t\t\t\t\t<\/div>\r\n\t\t\t\t\t\t\t\t\t\t\t\t\t<div class=\"col-lg-4\">\r\n\t\t\t\t\t\t\t\t<div class=\"contact-info-post\">\r\n\t\t\t\t\t\t\t\t\t<i aria-hidden=\"true\" class=\"fas fa-clock\"><\/i>\t\t\t\t\t\t\t\t\t<div class=\"info-content\">\r\n\t\t\t\t\t\t\t\t\t\t<h4>Working Hours<\/h4>\r\n\t\t\t\t\t\t\t\t\t\t<p>Monday - Friday \/ 08:00-17:00 <\/p>\r\n\t\t\t\t\t\t\t\t\t<\/div>\r\n\t\t\t\t\t\t\t\t<\/div>\r\n\t\t\t\t\t\t\t<\/div>\r\n\t\t\t\t\t\t\t\t\t\t\t\t\t<div class=\"col-lg-4\">\r\n\t\t\t\t\t\t\t\t<div class=\"contact-info-post\">\r\n\t\t\t\t\t\t\t\t\t<i aria-hidden=\"true\" class=\"fas fa-map-marker-alt\"><\/i>\t\t\t\t\t\t\t\t\t<div class=\"info-content\">\r\n\t\t\t\t\t\t\t\t\t\t<h4>Address<\/h4>\r\n\t\t\t\t\t\t\t\t\t\t<p>\u0130vedik OSB Mah. 1440. Cadde, No: 1, \u0130\u00e7 Kap\u0131 No: 79, Yenimahalle\/Ankara <\/p>\r\n\t\t\t\t\t\t\t\t\t<\/div>\r\n\t\t\t\t\t\t\t\t<\/div>\r\n\t\t\t\t\t\t\t<\/div>\r\n\t\t\t\t\t\t\r\n\t\t\t\t\t<\/div>\r\n\t\t\t\t<\/div>\r\n\t\t\t\t<div class=\"contact-form-box\">\r\n\t\t\t\t\t<div class=\"row g-0\">\r\n\t\t\t\t\t\t<div class=\"col-lg-8\">\r\n\t\t\t\t\t\t\t<div id=\"contact-form\">\r\n\t\t\t\t\t\t\t\t<p>\n<div class=\"wpcf7 no-js\" id=\"wpcf7-f23-o1\" lang=\"en-US\" dir=\"ltr\">\n<div class=\"screen-reader-response\"><p role=\"status\" aria-live=\"polite\" aria-atomic=\"true\"><\/p> <ul><\/ul><\/div>\n<form action=\"\/de\/wp-json\/wp\/v2\/pages\/561#wpcf7-f23-o1\" method=\"post\" class=\"wpcf7-form init\" aria-label=\"Contact form\" novalidate=\"novalidate\" data-status=\"init\" data-trp-original-action=\"\/de\/wp-json\/wp\/v2\/pages\/561#wpcf7-f23-o1\">\n<div style=\"display: none;\">\n<input type=\"hidden\" name=\"_wpcf7\" value=\"23\" \/>\n<input type=\"hidden\" name=\"_wpcf7_version\" value=\"5.7.4\" \/>\n<input type=\"hidden\" name=\"_wpcf7_locale\" value=\"en_US\" \/>\n<input type=\"hidden\" name=\"_wpcf7_unit_tag\" value=\"wpcf7-f23-o1\" \/>\n<input type=\"hidden\" name=\"_wpcf7_container_post\" value=\"0\" \/>\n<input type=\"hidden\" name=\"_wpcf7_posted_data_hash\" value=\"\" \/>\n<\/div>\n<h4>Send message\n<\/h4>\n<div class=\"row\">\n\t<div class=\"col-md-6\">\n\t\t<div class=\"input-line\">\n\t\t\t<p><label for=\"your-name\"><i class=\"fas fa-user\"><\/i><\/label><br \/>\n<span class=\"wpcf7-form-control-wrap\" data-name=\"your-name\"><input size=\"40\" class=\"wpcf7-form-control wpcf7-text wpcf7-validates-as-required\" aria-required=\"true\" aria-invalid=\"false\" placeholder=\"Name\" value=\"\" type=\"text\" name=\"your-name\" \/><\/span>\n\t\t\t<\/p>\n\t\t<\/div>\n\t\t<div class=\"input-line\">\n\t\t\t<p><label for=\"your-mail\"><i class=\"far fa-envelope\"><\/i><\/label><span class=\"wpcf7-form-control-wrap\" data-name=\"your-email\"><input size=\"40\" class=\"wpcf7-form-control wpcf7-text wpcf7-email wpcf7-validates-as-required wpcf7-validates-as-email\" aria-required=\"true\" aria-invalid=\"false\" placeholder=\"Email\" value=\"\" type=\"email\" name=\"your-email\" \/><\/span>\n\t\t\t<\/p>\n\t\t<\/div>\n\t\t<div class=\"input-line\">\n\t\t\t<p><label for=\"your-subject\"><i class=\"fas fa-link\"><\/i><\/label><span class=\"wpcf7-form-control-wrap\" data-name=\"your-subject\"><input size=\"40\" class=\"wpcf7-form-control wpcf7-text wpcf7-validates-as-required\" aria-required=\"true\" aria-invalid=\"false\" placeholder=\"Subject\" value=\"\" type=\"text\" name=\"your-subject\" \/><\/span>\n\t\t\t<\/p>\n\t\t<\/div>\n\t<\/div>\n\t<div class=\"col-md-6\">\n\t\t<div class=\"input-line\">\n\t\t\t<p><span class=\"wpcf7-form-control-wrap\" data-name=\"your-message\"><textarea cols=\"40\" rows=\"10\" class=\"wpcf7-form-control wpcf7-textarea\" aria-invalid=\"false\" placeholder=\"Message\" name=\"your-message\"><\/textarea><\/span>\n\t\t\t<\/p>\n\t\t<\/div>\n\t\t<p><input class=\"wpcf7-form-control has-spinner wpcf7-submit\" type=\"submit\" value=\"Send\" \/>\n\t\t<\/p>\n\t<\/div>\n<\/div><div class=\"wpcf7-response-output\" aria-hidden=\"true\"><\/div>\n<input type=\"hidden\" name=\"trp-form-language\" value=\"de\"\/><\/form>\n<\/div>\n<\/p>\t\t\t\t\t\t\t<\/div>\r\n\t\t\t\t\t\t<\/div>\r\n\t\t\t\t\t\t<div class=\"col-lg-4\">\r\n\t\t\t\t\t\t\t<div id=\"map\">\r\n\t\t\t\t\t\t\t\t<div class=\"elementor-custom-embed\"><iframe frameborder=\"0\" scrolling=\"no\" marginheight=\"0\" marginwidth=\"0\" src=\"https:\/\/maps.google.com\/maps?q=%C4%B0VED%C4%B0KOSB+MAH.+1440.+CAD.+NO%3A+1+%C4%B0%C3%87+KAPI+NO%3A79+YEN%C4%B0MAHALLE%2FANKARA&amp;t=m&amp;z=14&amp;output=embed&amp;iwloc=near\"><\/iframe><\/div>\t\t\t\t\t\t\t<\/div>\r\n\t\t\t\t\t\t<\/div>\r\n\t\t\t\t\t<\/div>\r\n\t\t\t\t<\/div>\r\n\t\t\t<\/div>\r\n\r\n\t\t<\/section>\r\n\t\t<!-- End contact-info-section -->\r\n\t\t\t\r\n    \r\n    \t\t<\/div>\n\t\t\t\t<\/div>\n\t\t\t\t\t<\/div>\n\t\t<\/div>\n\t\t\t\t\t\t\t<\/div>\n\t\t<\/section>\n\t\t\t\t\t\t\t<\/div>","protected":false},"excerpt":{"rendered":"<p>Get in touch Contact us Reception Desk +90 (552) 247 43 53 \/ +90 (541) 641 61 88 Working Hours Monday &#8211; Friday \/ 08:00-17:00 Address \u0130vedik OSB Mah. 1440. Cadde, No: 1, \u0130\u00e7 Kap\u0131 No: 79, Yenimahalle\/Ankara Send message<\/p>","protected":false},"author":1,"featured_media":0,"parent":0,"menu_order":0,"comment_status":"closed","ping_status":"closed","template":"","meta":[],"_links":{"self":[{"href":"https:\/\/6sigmamuhendislik.com\/de\/wp-json\/wp\/v2\/pages\/561"}],"collection":[{"href":"https:\/\/6sigmamuhendislik.com\/de\/wp-json\/wp\/v2\/pages"}],"about":[{"href":"https:\/\/6sigmamuhendislik.com\/de\/wp-json\/wp\/v2\/types\/page"}],"author":[{"embeddable":true,"href":"https:\/\/6sigmamuhendislik.com\/de\/wp-json\/wp\/v2\/users\/1"}],"replies":[{"embeddable":true,"href":"https:\/\/6sigmamuhendislik.com\/de\/wp-json\/wp\/v2\/comments?post=561"}],"version-history":[{"count":9,"href":"https:\/\/6sigmamuhendislik.com\/de\/wp-json\/wp\/v2\/pages\/561\/revisions"}],"predecessor-version":[{"id":1326,"href":"https:\/\/6sigmamuhendislik.com\/de\/wp-json\/wp\/v2\/pages\/561\/revisions\/1326"}],"wp:attachment":[{"href":"https:\/\/6sigmamuhendislik.com\/de\/wp-json\/wp\/v2\/media?parent=561"}],"curies":[{"name":"wp","href":"https:\/\/api.w.org\/{rel}","templated":true}]}}