{"id":1301,"date":"2023-12-07T12:39:07","date_gmt":"2023-12-07T12:39:07","guid":{"rendered":"https:\/\/6sigmamuhendislik.com\/?page_id=1301"},"modified":"2025-10-30T14:48:38","modified_gmt":"2025-10-30T14:48:38","slug":"catalog","status":"publish","type":"page","link":"https:\/\/6sigmamuhendislik.com\/tr\/catalog\/","title":{"rendered":"Catalog"},"content":{"rendered":"<div data-elementor-type=\"wp-page\" data-elementor-id=\"1301\" class=\"elementor elementor-1301\">\n\t\t\t\t\t\t\t\t\t<section class=\"elementor-section elementor-top-section elementor-element elementor-element-d60ec85 elementor-section-boxed elementor-section-height-default elementor-section-height-default\" data-id=\"d60ec85\" data-element_type=\"section\">\n\t\t\t\t\t\t<div class=\"elementor-container elementor-column-gap-default\">\n\t\t\t\t\t<div class=\"elementor-column elementor-col-50 elementor-top-column elementor-element elementor-element-ca398c4\" data-id=\"ca398c4\" data-element_type=\"column\">\n\t\t\t<div class=\"elementor-widget-wrap elementor-element-populated\">\n\t\t\t\t\t\t\t\t<div class=\"elementor-element elementor-element-738e3ad elementor-widget elementor-widget-image\" data-id=\"738e3ad\" data-element_type=\"widget\" data-widget_type=\"image.default\">\n\t\t\t\t<div class=\"elementor-widget-container\">\n\t\t\t<style>\/*! elementor - v3.11.1 - 15-02-2023 *\/\n.elementor-widget-image{text-align:center}.elementor-widget-image a{display:inline-block}.elementor-widget-image a img[src$=\".svg\"]{width:48px}.elementor-widget-image img{vertical-align:middle;display:inline-block}<\/style>\t\t\t\t\t\t\t\t\t<figure class=\"wp-caption\">\n\t\t\t\t\t\t\t\t\t\t\t<a href=\"https:\/\/6sigmamuhendislik.com\/wp-content\/uploads\/2023\/12\/2020-JJTOOLS_v15113-201012.pdf\">\n\t\t\t\t\t\t\t<img width=\"751\" height=\"426\" class=\"attachment-full size-full wp-image-1303\" alt=\"\" loading=\"lazy\" sizes=\"(max-width: 751px) 100vw, 751px\" data-data-src=\"https:\/\/6sigmamuhendislik.com\/wp-content\/uploads\/2023\/12\/1496641e7e4ddd9b5cef38165ffee7c6.png\" data-data-srcset=\"https:\/\/6sigmamuhendislik.com\/wp-content\/uploads\/2023\/12\/1496641e7e4ddd9b5cef38165ffee7c6.png 751w, https:\/\/6sigmamuhendislik.com\/wp-content\/uploads\/2023\/12\/1496641e7e4ddd9b5cef38165ffee7c6-300x170.png 300w, https:\/\/6sigmamuhendislik.com\/wp-content\/uploads\/2023\/12\/1496641e7e4ddd9b5cef38165ffee7c6-18x10.png 18w\" srcset=\"https:\/\/6sigmamuhendislik.com\/wp-content\/uploads\/2023\/12\/1496641e7e4ddd9b5cef38165ffee7c6.png 751w, https:\/\/6sigmamuhendislik.com\/wp-content\/uploads\/2023\/12\/1496641e7e4ddd9b5cef38165ffee7c6-300x170.png 300w, https:\/\/6sigmamuhendislik.com\/wp-content\/uploads\/2023\/12\/1496641e7e4ddd9b5cef38165ffee7c6-18x10.png 18w\" \/>\t\t\t\t\t\t\t\t<\/a>\n\t\t\t\t\t\t\t\t\t\t\t<figcaption class=\"widget-image-caption wp-caption-text\">JJTools Catalog<\/figcaption>\n\t\t\t\t\t\t\t\t\t\t<\/figure>\n\t\t\t\t\t\t\t\t\t<\/div>\n\t\t\t\t<\/div>\n\t\t\t\t<div class=\"elementor-element elementor-element-bb9a237 elementor-widget elementor-widget-image\" data-id=\"bb9a237\" data-element_type=\"widget\" data-widget_type=\"image.default\">\n\t\t\t\t<div class=\"elementor-widget-container\">\n\t\t\t\t\t\t\t\t\t\t\t\t<figure class=\"wp-caption\">\n\t\t\t\t\t\t\t\t\t\t\t<a href=\"https:\/\/6sigmamuhendislik.com\/wp-content\/uploads\/2023\/12\/iwata-tool-toglon-2022.pdf\">\n\t\t\t\t\t\t\t<img width=\"780\" height=\"392\" class=\"attachment-full size-full wp-image-1310\" alt=\"\" loading=\"lazy\" sizes=\"(max-width: 780px) 100vw, 780px\" data-data-src=\"https:\/\/6sigmamuhendislik.com\/wp-content\/uploads\/2023\/12\/e40eca6bf2d6669d87d748069897726f.png\" data-data-srcset=\"https:\/\/6sigmamuhendislik.com\/wp-content\/uploads\/2023\/12\/e40eca6bf2d6669d87d748069897726f.png 780w, https:\/\/6sigmamuhendislik.com\/wp-content\/uploads\/2023\/12\/e40eca6bf2d6669d87d748069897726f-300x151.png 300w, https:\/\/6sigmamuhendislik.com\/wp-content\/uploads\/2023\/12\/e40eca6bf2d6669d87d748069897726f-768x386.png 768w, https:\/\/6sigmamuhendislik.com\/wp-content\/uploads\/2023\/12\/e40eca6bf2d6669d87d748069897726f-18x9.png 18w\" srcset=\"https:\/\/6sigmamuhendislik.com\/wp-content\/uploads\/2023\/12\/e40eca6bf2d6669d87d748069897726f.png 780w, https:\/\/6sigmamuhendislik.com\/wp-content\/uploads\/2023\/12\/e40eca6bf2d6669d87d748069897726f-300x151.png 300w, https:\/\/6sigmamuhendislik.com\/wp-content\/uploads\/2023\/12\/e40eca6bf2d6669d87d748069897726f-768x386.png 768w, https:\/\/6sigmamuhendislik.com\/wp-content\/uploads\/2023\/12\/e40eca6bf2d6669d87d748069897726f-18x9.png 18w\" \/>\t\t\t\t\t\t\t\t<\/a>\n\t\t\t\t\t\t\t\t\t\t\t<figcaption class=\"widget-image-caption wp-caption-text\">IWata Tool Catalog<\/figcaption>\n\t\t\t\t\t\t\t\t\t\t<\/figure>\n\t\t\t\t\t\t\t\t\t<\/div>\n\t\t\t\t<\/div>\n\t\t\t\t<div class=\"elementor-element elementor-element-30d4a20 elementor-widget elementor-widget-image\" data-id=\"30d4a20\" data-element_type=\"widget\" data-widget_type=\"image.default\">\n\t\t\t\t<div class=\"elementor-widget-container\">\n\t\t\t\t\t\t\t\t\t\t\t\t<figure class=\"wp-caption\">\n\t\t\t\t\t\t\t\t\t\t\t<a href=\"https:\/\/6sigmamuhendislik.com\/wp-content\/uploads\/2023\/12\/Achteck-2023-Cutting-tool-catalog-1.pdf\">\n\t\t\t\t\t\t\t<img width=\"774\" height=\"359\" class=\"attachment-full size-full wp-image-1311\" alt=\"\" loading=\"lazy\" sizes=\"(max-width: 774px) 100vw, 774px\" data-data-src=\"https:\/\/6sigmamuhendislik.com\/wp-content\/uploads\/2023\/12\/fe5d5c9e47141cb76e3293b1ed3c949f.png\" data-data-srcset=\"https:\/\/6sigmamuhendislik.com\/wp-content\/uploads\/2023\/12\/fe5d5c9e47141cb76e3293b1ed3c949f.png 774w, https:\/\/6sigmamuhendislik.com\/wp-content\/uploads\/2023\/12\/fe5d5c9e47141cb76e3293b1ed3c949f-300x139.png 300w, https:\/\/6sigmamuhendislik.com\/wp-content\/uploads\/2023\/12\/fe5d5c9e47141cb76e3293b1ed3c949f-768x356.png 768w, https:\/\/6sigmamuhendislik.com\/wp-content\/uploads\/2023\/12\/fe5d5c9e47141cb76e3293b1ed3c949f-18x8.png 18w\" srcset=\"https:\/\/6sigmamuhendislik.com\/wp-content\/uploads\/2023\/12\/fe5d5c9e47141cb76e3293b1ed3c949f.png 774w, https:\/\/6sigmamuhendislik.com\/wp-content\/uploads\/2023\/12\/fe5d5c9e47141cb76e3293b1ed3c949f-300x139.png 300w, https:\/\/6sigmamuhendislik.com\/wp-content\/uploads\/2023\/12\/fe5d5c9e47141cb76e3293b1ed3c949f-768x356.png 768w, https:\/\/6sigmamuhendislik.com\/wp-content\/uploads\/2023\/12\/fe5d5c9e47141cb76e3293b1ed3c949f-18x8.png 18w\" \/>\t\t\t\t\t\t\t\t<\/a>\n\t\t\t\t\t\t\t\t\t\t\t<figcaption class=\"widget-image-caption wp-caption-text\">ACHTECK Catalog<\/figcaption>\n\t\t\t\t\t\t\t\t\t\t<\/figure>\n\t\t\t\t\t\t\t\t\t<\/div>\n\t\t\t\t<\/div>\n\t\t\t\t<div class=\"elementor-element elementor-element-ab14e1a elementor-widget elementor-widget-image\" data-id=\"ab14e1a\" data-element_type=\"widget\" data-widget_type=\"image.default\">\n\t\t\t\t<div class=\"elementor-widget-container\">\n\t\t\t\t\t\t\t\t\t\t\t\t<figure class=\"wp-caption\">\n\t\t\t\t\t\t\t\t\t\t\t<a href=\"https:\/\/6sigmamuhendislik.com\/wp-content\/uploads\/2025\/10\/JBO-Tools.pdf\">\n\t\t\t\t\t\t\t<img width=\"484\" height=\"360\" class=\"attachment-full size-full wp-image-1377\" alt=\"\" loading=\"lazy\" sizes=\"(max-width: 484px) 100vw, 484px\" data-data-src=\"https:\/\/6sigmamuhendislik.com\/wp-content\/uploads\/2025\/10\/JBOtools.png\" data-data-srcset=\"https:\/\/6sigmamuhendislik.com\/wp-content\/uploads\/2025\/10\/JBOtools.png 484w, https:\/\/6sigmamuhendislik.com\/wp-content\/uploads\/2025\/10\/JBOtools-300x223.png 300w, https:\/\/6sigmamuhendislik.com\/wp-content\/uploads\/2025\/10\/JBOtools-16x12.png 16w\" srcset=\"https:\/\/6sigmamuhendislik.com\/wp-content\/uploads\/2025\/10\/JBOtools.png 484w, https:\/\/6sigmamuhendislik.com\/wp-content\/uploads\/2025\/10\/JBOtools-300x223.png 300w, https:\/\/6sigmamuhendislik.com\/wp-content\/uploads\/2025\/10\/JBOtools-16x12.png 16w\" \/>\t\t\t\t\t\t\t\t<\/a>\n\t\t\t\t\t\t\t\t\t\t\t<figcaption class=\"widget-image-caption wp-caption-text\">JBO Catalog<\/figcaption>\n\t\t\t\t\t\t\t\t\t\t<\/figure>\n\t\t\t\t\t\t\t\t\t<\/div>\n\t\t\t\t<\/div>\n\t\t\t\t<div class=\"elementor-element elementor-element-060ca0a elementor-widget elementor-widget-image\" data-id=\"060ca0a\" data-element_type=\"widget\" data-widget_type=\"image.default\">\n\t\t\t\t<div class=\"elementor-widget-container\">\n\t\t\t\t\t\t\t\t\t\t\t\t<figure class=\"wp-caption\">\n\t\t\t\t\t\t\t\t\t\t\t<a href=\"https:\/\/6sigmamuhendislik.com\/wp-content\/uploads\/2025\/10\/LMT-Tangential-Roll-Head.pdf\">\n\t\t\t\t\t\t\t<img width=\"681\" height=\"353\" class=\"attachment-full size-full wp-image-1389\" alt=\"\" loading=\"lazy\" sizes=\"(max-width: 681px) 100vw, 681px\" data-data-src=\"https:\/\/6sigmamuhendislik.com\/wp-content\/uploads\/2025\/10\/LMTtools.png\" data-data-srcset=\"https:\/\/6sigmamuhendislik.com\/wp-content\/uploads\/2025\/10\/LMTtools.png 681w, https:\/\/6sigmamuhendislik.com\/wp-content\/uploads\/2025\/10\/LMTtools-300x156.png 300w, https:\/\/6sigmamuhendislik.com\/wp-content\/uploads\/2025\/10\/LMTtools-18x9.png 18w\" srcset=\"https:\/\/6sigmamuhendislik.com\/wp-content\/uploads\/2025\/10\/LMTtools.png 681w, https:\/\/6sigmamuhendislik.com\/wp-content\/uploads\/2025\/10\/LMTtools-300x156.png 300w, https:\/\/6sigmamuhendislik.com\/wp-content\/uploads\/2025\/10\/LMTtools-18x9.png 18w\" \/>\t\t\t\t\t\t\t\t<\/a>\n\t\t\t\t\t\t\t\t\t\t\t<figcaption class=\"widget-image-caption wp-caption-text\">LMT Tangential Roll Head<\/figcaption>\n\t\t\t\t\t\t\t\t\t\t<\/figure>\n\t\t\t\t\t\t\t\t\t<\/div>\n\t\t\t\t<\/div>\n\t\t\t\t<div class=\"elementor-element elementor-element-6193719 elementor-widget elementor-widget-image\" data-id=\"6193719\" data-element_type=\"widget\" data-widget_type=\"image.default\">\n\t\t\t\t<div class=\"elementor-widget-container\">\n\t\t\t\t\t\t\t\t\t\t\t\t<figure class=\"wp-caption\">\n\t\t\t\t\t\t\t\t\t\t\t<a href=\"https:\/\/6sigmamuhendislik.com\/wp-content\/uploads\/2025\/10\/LMT-Azdirma-Guide.pdf\">\n\t\t\t\t\t\t\t<img width=\"681\" height=\"353\" class=\"attachment-full size-full wp-image-1389\" alt=\"\" loading=\"lazy\" sizes=\"(max-width: 681px) 100vw, 681px\" data-data-src=\"https:\/\/6sigmamuhendislik.com\/wp-content\/uploads\/2025\/10\/LMTtools.png\" data-data-srcset=\"https:\/\/6sigmamuhendislik.com\/wp-content\/uploads\/2025\/10\/LMTtools.png 681w, https:\/\/6sigmamuhendislik.com\/wp-content\/uploads\/2025\/10\/LMTtools-300x156.png 300w, https:\/\/6sigmamuhendislik.com\/wp-content\/uploads\/2025\/10\/LMTtools-18x9.png 18w\" srcset=\"https:\/\/6sigmamuhendislik.com\/wp-content\/uploads\/2025\/10\/LMTtools.png 681w, https:\/\/6sigmamuhendislik.com\/wp-content\/uploads\/2025\/10\/LMTtools-300x156.png 300w, https:\/\/6sigmamuhendislik.com\/wp-content\/uploads\/2025\/10\/LMTtools-18x9.png 18w\" \/>\t\t\t\t\t\t\t\t<\/a>\n\t\t\t\t\t\t\t\t\t\t\t<figcaption class=\"widget-image-caption wp-caption-text\">LMT Azd\u0131rma \u00c7ak\u0131s\u0131 Guide<\/figcaption>\n\t\t\t\t\t\t\t\t\t\t<\/figure>\n\t\t\t\t\t\t\t\t\t<\/div>\n\t\t\t\t<\/div>\n\t\t\t\t<div class=\"elementor-element elementor-element-c0a3b6c elementor-widget elementor-widget-image\" data-id=\"c0a3b6c\" data-element_type=\"widget\" data-widget_type=\"image.default\">\n\t\t\t\t<div class=\"elementor-widget-container\">\n\t\t\t\t\t\t\t\t\t\t\t\t<figure class=\"wp-caption\">\n\t\t\t\t\t\t\t\t\t\t\t<a href=\"https:\/\/ecatalog.hoffmann-group.com\/index.html?country=eng_GB_GBP\/catalogs\/&#038;catalog=90000001#page_1\" target=\"_blank\" rel=\"noopener\">\n\t\t\t\t\t\t\t<img width=\"699\" height=\"208\" class=\"attachment-full size-full wp-image-1394\" alt=\"\" loading=\"lazy\" sizes=\"(max-width: 699px) 100vw, 699px\" data-data-src=\"https:\/\/6sigmamuhendislik.com\/wp-content\/uploads\/2025\/10\/hoffman1.png\" data-data-srcset=\"https:\/\/6sigmamuhendislik.com\/wp-content\/uploads\/2025\/10\/hoffman1.png 699w, https:\/\/6sigmamuhendislik.com\/wp-content\/uploads\/2025\/10\/hoffman1-300x89.png 300w, https:\/\/6sigmamuhendislik.com\/wp-content\/uploads\/2025\/10\/hoffman1-18x5.png 18w\" srcset=\"https:\/\/6sigmamuhendislik.com\/wp-content\/uploads\/2025\/10\/hoffman1.png 699w, https:\/\/6sigmamuhendislik.com\/wp-content\/uploads\/2025\/10\/hoffman1-300x89.png 300w, https:\/\/6sigmamuhendislik.com\/wp-content\/uploads\/2025\/10\/hoffman1-18x5.png 18w\" \/>\t\t\t\t\t\t\t\t<\/a>\n\t\t\t\t\t\t\t\t\t\t\t<figcaption class=\"widget-image-caption wp-caption-text\">Hoffman Catalog 1<\/figcaption>\n\t\t\t\t\t\t\t\t\t\t<\/figure>\n\t\t\t\t\t\t\t\t\t<\/div>\n\t\t\t\t<\/div>\n\t\t\t\t\t<\/div>\n\t\t<\/div>\n\t\t\t\t<div class=\"elementor-column elementor-col-50 elementor-top-column elementor-element elementor-element-3d19cef\" data-id=\"3d19cef\" data-element_type=\"column\">\n\t\t\t<div class=\"elementor-widget-wrap elementor-element-populated\">\n\t\t\t\t\t\t\t\t<div class=\"elementor-element elementor-element-1fae464 elementor-widget elementor-widget-image\" data-id=\"1fae464\" data-element_type=\"widget\" data-widget_type=\"image.default\">\n\t\t\t\t<div class=\"elementor-widget-container\">\n\t\t\t\t\t\t\t\t\t\t\t\t<figure class=\"wp-caption\">\n\t\t\t\t\t\t\t\t\t\t\t<a href=\"https:\/\/6sigmamuhendislik.com\/wp-content\/uploads\/2023\/12\/big_tooling_system_en_v13.pdf\">\n\t\t\t\t\t\t\t<img width=\"706\" height=\"737\" class=\"attachment-full size-full wp-image-1333\" alt=\"\" loading=\"lazy\" sizes=\"(max-width: 706px) 100vw, 706px\" data-data-src=\"https:\/\/6sigmamuhendislik.com\/wp-content\/uploads\/2023\/12\/18d4c8a8ad3b19fc249fc23827eb75ab.png\" data-data-srcset=\"https:\/\/6sigmamuhendislik.com\/wp-content\/uploads\/2023\/12\/18d4c8a8ad3b19fc249fc23827eb75ab.png 706w, https:\/\/6sigmamuhendislik.com\/wp-content\/uploads\/2023\/12\/18d4c8a8ad3b19fc249fc23827eb75ab-287x300.png 287w, https:\/\/6sigmamuhendislik.com\/wp-content\/uploads\/2023\/12\/18d4c8a8ad3b19fc249fc23827eb75ab-11x12.png 11w\" srcset=\"https:\/\/6sigmamuhendislik.com\/wp-content\/uploads\/2023\/12\/18d4c8a8ad3b19fc249fc23827eb75ab.png 706w, https:\/\/6sigmamuhendislik.com\/wp-content\/uploads\/2023\/12\/18d4c8a8ad3b19fc249fc23827eb75ab-287x300.png 287w, https:\/\/6sigmamuhendislik.com\/wp-content\/uploads\/2023\/12\/18d4c8a8ad3b19fc249fc23827eb75ab-11x12.png 11w\" \/>\t\t\t\t\t\t\t\t<\/a>\n\t\t\t\t\t\t\t\t\t\t\t<figcaption class=\"widget-image-caption wp-caption-text\">Big Daishowa Catalog<\/figcaption>\n\t\t\t\t\t\t\t\t\t\t<\/figure>\n\t\t\t\t\t\t\t\t\t<\/div>\n\t\t\t\t<\/div>\n\t\t\t\t<div class=\"elementor-element elementor-element-a07819e elementor-widget elementor-widget-image\" data-id=\"a07819e\" data-element_type=\"widget\" data-widget_type=\"image.default\">\n\t\t\t\t<div class=\"elementor-widget-container\">\n\t\t\t\t\t\t\t\t\t\t\t\t<figure class=\"wp-caption\">\n\t\t\t\t\t\t\t\t\t\t\t<a href=\"https:\/\/6sigmamuhendislik.com\/wp-content\/uploads\/2023\/12\/MRK_END_WW_UNIMAX_Vol.21_Editable_HD_UTJ_20221104.pdf\">\n\t\t\t\t\t\t\t<img width=\"681\" height=\"463\" class=\"attachment-full size-full wp-image-1312\" alt=\"\" loading=\"lazy\" sizes=\"(max-width: 681px) 100vw, 681px\" data-data-src=\"https:\/\/6sigmamuhendislik.com\/wp-content\/uploads\/2023\/12\/74236765c7ac0a1c7287ced5cec68444.png\" data-data-srcset=\"https:\/\/6sigmamuhendislik.com\/wp-content\/uploads\/2023\/12\/74236765c7ac0a1c7287ced5cec68444.png 681w, https:\/\/6sigmamuhendislik.com\/wp-content\/uploads\/2023\/12\/74236765c7ac0a1c7287ced5cec68444-300x204.png 300w, https:\/\/6sigmamuhendislik.com\/wp-content\/uploads\/2023\/12\/74236765c7ac0a1c7287ced5cec68444-18x12.png 18w\" srcset=\"https:\/\/6sigmamuhendislik.com\/wp-content\/uploads\/2023\/12\/74236765c7ac0a1c7287ced5cec68444.png 681w, https:\/\/6sigmamuhendislik.com\/wp-content\/uploads\/2023\/12\/74236765c7ac0a1c7287ced5cec68444-300x204.png 300w, https:\/\/6sigmamuhendislik.com\/wp-content\/uploads\/2023\/12\/74236765c7ac0a1c7287ced5cec68444-18x12.png 18w\" \/>\t\t\t\t\t\t\t\t<\/a>\n\t\t\t\t\t\t\t\t\t\t\t<figcaption class=\"widget-image-caption wp-caption-text\">Union Tool Catalog<\/figcaption>\n\t\t\t\t\t\t\t\t\t\t<\/figure>\n\t\t\t\t\t\t\t\t\t<\/div>\n\t\t\t\t<\/div>\n\t\t\t\t<div class=\"elementor-element elementor-element-a7647bb elementor-widget elementor-widget-image\" data-id=\"a7647bb\" data-element_type=\"widget\" data-widget_type=\"image.default\">\n\t\t\t\t<div class=\"elementor-widget-container\">\n\t\t\t\t\t\t\t\t\t\t\t\t<figure class=\"wp-caption\">\n\t\t\t\t\t\t\t\t\t\t\t<a href=\"https:\/\/6sigmamuhendislik.com\/wp-content\/uploads\/2025\/10\/DIA-Tool.pdf\">\n\t\t\t\t\t\t\t<img width=\"715\" height=\"201\" class=\"attachment-full size-full wp-image-1370\" alt=\"\" loading=\"lazy\" sizes=\"(max-width: 715px) 100vw, 715px\" data-data-src=\"https:\/\/6sigmamuhendislik.com\/wp-content\/uploads\/2025\/10\/diatool.png\" data-data-srcset=\"https:\/\/6sigmamuhendislik.com\/wp-content\/uploads\/2025\/10\/diatool.png 715w, https:\/\/6sigmamuhendislik.com\/wp-content\/uploads\/2025\/10\/diatool-300x84.png 300w, https:\/\/6sigmamuhendislik.com\/wp-content\/uploads\/2025\/10\/diatool-18x5.png 18w\" srcset=\"https:\/\/6sigmamuhendislik.com\/wp-content\/uploads\/2025\/10\/diatool.png 715w, https:\/\/6sigmamuhendislik.com\/wp-content\/uploads\/2025\/10\/diatool-300x84.png 300w, https:\/\/6sigmamuhendislik.com\/wp-content\/uploads\/2025\/10\/diatool-18x5.png 18w\" \/>\t\t\t\t\t\t\t\t<\/a>\n\t\t\t\t\t\t\t\t\t\t\t<figcaption class=\"widget-image-caption wp-caption-text\">DIATOOL Catalog<\/figcaption>\n\t\t\t\t\t\t\t\t\t\t<\/figure>\n\t\t\t\t\t\t\t\t\t<\/div>\n\t\t\t\t<\/div>\n\t\t\t\t<div class=\"elementor-element elementor-element-999b7d6 elementor-widget elementor-widget-image\" data-id=\"999b7d6\" data-element_type=\"widget\" data-widget_type=\"image.default\">\n\t\t\t\t<div class=\"elementor-widget-container\">\n\t\t\t\t\t\t\t\t\t\t\t\t<figure class=\"wp-caption\">\n\t\t\t\t\t\t\t\t\t\t\t<a href=\"https:\/\/6sigmamuhendislik.com\/wp-content\/uploads\/2025\/10\/LMT-Tools.pdf\">\n\t\t\t\t\t\t\t<img width=\"681\" height=\"353\" class=\"attachment-full size-full wp-image-1389\" alt=\"\" loading=\"lazy\" sizes=\"(max-width: 681px) 100vw, 681px\" data-data-src=\"https:\/\/6sigmamuhendislik.com\/wp-content\/uploads\/2025\/10\/LMTtools.png\" data-data-srcset=\"https:\/\/6sigmamuhendislik.com\/wp-content\/uploads\/2025\/10\/LMTtools.png 681w, https:\/\/6sigmamuhendislik.com\/wp-content\/uploads\/2025\/10\/LMTtools-300x156.png 300w, https:\/\/6sigmamuhendislik.com\/wp-content\/uploads\/2025\/10\/LMTtools-18x9.png 18w\" srcset=\"https:\/\/6sigmamuhendislik.com\/wp-content\/uploads\/2025\/10\/LMTtools.png 681w, https:\/\/6sigmamuhendislik.com\/wp-content\/uploads\/2025\/10\/LMTtools-300x156.png 300w, https:\/\/6sigmamuhendislik.com\/wp-content\/uploads\/2025\/10\/LMTtools-18x9.png 18w\" \/>\t\t\t\t\t\t\t\t<\/a>\n\t\t\t\t\t\t\t\t\t\t\t<figcaption class=\"widget-image-caption wp-caption-text\">LMT Tools Catalog<\/figcaption>\n\t\t\t\t\t\t\t\t\t\t<\/figure>\n\t\t\t\t\t\t\t\t\t<\/div>\n\t\t\t\t<\/div>\n\t\t\t\t<div class=\"elementor-element elementor-element-04ed19a elementor-widget elementor-widget-image\" data-id=\"04ed19a\" data-element_type=\"widget\" data-widget_type=\"image.default\">\n\t\t\t\t<div class=\"elementor-widget-container\">\n\t\t\t\t\t\t\t\t\t\t\t\t<figure class=\"wp-caption\">\n\t\t\t\t\t\t\t\t\t\t\t<a href=\"https:\/\/6sigmamuhendislik.com\/wp-content\/uploads\/2025\/10\/LMT-Azdirma-Cakisi.pdf\">\n\t\t\t\t\t\t\t<img width=\"681\" height=\"353\" class=\"attachment-full size-full wp-image-1389\" alt=\"\" loading=\"lazy\" sizes=\"(max-width: 681px) 100vw, 681px\" data-data-src=\"https:\/\/6sigmamuhendislik.com\/wp-content\/uploads\/2025\/10\/LMTtools.png\" data-data-srcset=\"https:\/\/6sigmamuhendislik.com\/wp-content\/uploads\/2025\/10\/LMTtools.png 681w, https:\/\/6sigmamuhendislik.com\/wp-content\/uploads\/2025\/10\/LMTtools-300x156.png 300w, https:\/\/6sigmamuhendislik.com\/wp-content\/uploads\/2025\/10\/LMTtools-18x9.png 18w\" srcset=\"https:\/\/6sigmamuhendislik.com\/wp-content\/uploads\/2025\/10\/LMTtools.png 681w, https:\/\/6sigmamuhendislik.com\/wp-content\/uploads\/2025\/10\/LMTtools-300x156.png 300w, https:\/\/6sigmamuhendislik.com\/wp-content\/uploads\/2025\/10\/LMTtools-18x9.png 18w\" \/>\t\t\t\t\t\t\t\t<\/a>\n\t\t\t\t\t\t\t\t\t\t\t<figcaption class=\"widget-image-caption wp-caption-text\">LMT Azd\u0131rma \u00c7ak\u0131s\u0131<\/figcaption>\n\t\t\t\t\t\t\t\t\t\t<\/figure>\n\t\t\t\t\t\t\t\t\t<\/div>\n\t\t\t\t<\/div>\n\t\t\t\t<div class=\"elementor-element elementor-element-1efbecd elementor-widget elementor-widget-image\" data-id=\"1efbecd\" data-element_type=\"widget\" data-widget_type=\"image.default\">\n\t\t\t\t<div class=\"elementor-widget-container\">\n\t\t\t\t\t\t\t\t\t\t\t\t<figure class=\"wp-caption\">\n\t\t\t\t\t\t\t\t\t\t\t<a href=\"https:\/\/6sigmamuhendislik.com\/wp-content\/uploads\/2025\/10\/LMT-Axial-Roll-Head.pdf\">\n\t\t\t\t\t\t\t<img width=\"681\" height=\"353\" class=\"attachment-full size-full wp-image-1389\" alt=\"\" loading=\"lazy\" sizes=\"(max-width: 681px) 100vw, 681px\" data-data-src=\"https:\/\/6sigmamuhendislik.com\/wp-content\/uploads\/2025\/10\/LMTtools.png\" data-data-srcset=\"https:\/\/6sigmamuhendislik.com\/wp-content\/uploads\/2025\/10\/LMTtools.png 681w, https:\/\/6sigmamuhendislik.com\/wp-content\/uploads\/2025\/10\/LMTtools-300x156.png 300w, https:\/\/6sigmamuhendislik.com\/wp-content\/uploads\/2025\/10\/LMTtools-18x9.png 18w\" srcset=\"https:\/\/6sigmamuhendislik.com\/wp-content\/uploads\/2025\/10\/LMTtools.png 681w, https:\/\/6sigmamuhendislik.com\/wp-content\/uploads\/2025\/10\/LMTtools-300x156.png 300w, https:\/\/6sigmamuhendislik.com\/wp-content\/uploads\/2025\/10\/LMTtools-18x9.png 18w\" \/>\t\t\t\t\t\t\t\t<\/a>\n\t\t\t\t\t\t\t\t\t\t\t<figcaption class=\"widget-image-caption wp-caption-text\">LMT Axial Roll Head<\/figcaption>\n\t\t\t\t\t\t\t\t\t\t<\/figure>\n\t\t\t\t\t\t\t\t\t<\/div>\n\t\t\t\t<\/div>\n\t\t\t\t<div class=\"elementor-element elementor-element-cb8ffaf elementor-widget elementor-widget-image\" data-id=\"cb8ffaf\" data-element_type=\"widget\" data-widget_type=\"image.default\">\n\t\t\t\t<div class=\"elementor-widget-container\">\n\t\t\t\t\t\t\t\t\t\t\t\t<figure class=\"wp-caption\">\n\t\t\t\t\t\t\t\t\t\t\t<a href=\"https:\/\/ecatalog.hoffmann-group.com\/index.html?country=eng_GB_GBP\/catalogs\/&#038;catalog=90000002#page_1\" target=\"_blank\" rel=\"noopener\">\n\t\t\t\t\t\t\t<img width=\"699\" height=\"208\" class=\"attachment-full size-full wp-image-1394\" alt=\"\" loading=\"lazy\" sizes=\"(max-width: 699px) 100vw, 699px\" data-data-src=\"https:\/\/6sigmamuhendislik.com\/wp-content\/uploads\/2025\/10\/hoffman1.png\" data-data-srcset=\"https:\/\/6sigmamuhendislik.com\/wp-content\/uploads\/2025\/10\/hoffman1.png 699w, https:\/\/6sigmamuhendislik.com\/wp-content\/uploads\/2025\/10\/hoffman1-300x89.png 300w, https:\/\/6sigmamuhendislik.com\/wp-content\/uploads\/2025\/10\/hoffman1-18x5.png 18w\" srcset=\"https:\/\/6sigmamuhendislik.com\/wp-content\/uploads\/2025\/10\/hoffman1.png 699w, https:\/\/6sigmamuhendislik.com\/wp-content\/uploads\/2025\/10\/hoffman1-300x89.png 300w, https:\/\/6sigmamuhendislik.com\/wp-content\/uploads\/2025\/10\/hoffman1-18x5.png 18w\" \/>\t\t\t\t\t\t\t\t<\/a>\n\t\t\t\t\t\t\t\t\t\t\t<figcaption class=\"widget-image-caption wp-caption-text\">Hoffman Catalog 2<\/figcaption>\n\t\t\t\t\t\t\t\t\t\t<\/figure>\n\t\t\t\t\t\t\t\t\t<\/div>\n\t\t\t\t<\/div>\n\t\t\t\t\t<\/div>\n\t\t<\/div>\n\t\t\t\t\t\t\t<\/div>\n\t\t<\/section>\n\t\t\t\t<section class=\"elementor-section elementor-top-section elementor-element elementor-element-a02da4d elementor-section-boxed elementor-section-height-default elementor-section-height-default\" data-id=\"a02da4d\" data-element_type=\"section\">\n\t\t\t\t\t\t<div class=\"elementor-container elementor-column-gap-default\">\n\t\t\t\t\t<div class=\"elementor-column elementor-col-100 elementor-top-column elementor-element elementor-element-1c7ffca\" data-id=\"1c7ffca\" data-element_type=\"column\">\n\t\t\t<div class=\"elementor-widget-wrap\">\n\t\t\t\t\t\t\t\t\t<\/div>\n\t\t<\/div>\n\t\t\t\t\t\t\t<\/div>\n\t\t<\/section>\n\t\t\t\t\t\t\t<\/div>","protected":false},"excerpt":{"rendered":"<p>JJTools Catalog IWata Tool Catalog ACHTECK Catalog JBO Catalog LMT Tangential Roll Head LMT Azd\u0131rma \u00c7ak\u0131s\u0131 Guide Hoffman Catalog 1 Big Daishowa Catalog Union Tool Catalog DIATOOL Catalog LMT Tools Catalog LMT Azd\u0131rma \u00c7ak\u0131s\u0131 LMT Axial Roll Head Hoffman Catalog 2<\/p>","protected":false},"author":1,"featured_media":0,"parent":0,"menu_order":0,"comment_status":"closed","ping_status":"closed","template":"","meta":[],"_links":{"self":[{"href":"https:\/\/6sigmamuhendislik.com\/tr\/wp-json\/wp\/v2\/pages\/1301"}],"collection":[{"href":"https:\/\/6sigmamuhendislik.com\/tr\/wp-json\/wp\/v2\/pages"}],"about":[{"href":"https:\/\/6sigmamuhendislik.com\/tr\/wp-json\/wp\/v2\/types\/page"}],"author":[{"embeddable":true,"href":"https:\/\/6sigmamuhendislik.com\/tr\/wp-json\/wp\/v2\/users\/1"}],"replies":[{"embeddable":true,"href":"https:\/\/6sigmamuhendislik.com\/tr\/wp-json\/wp\/v2\/comments?post=1301"}],"version-history":[{"count":56,"href":"https:\/\/6sigmamuhendislik.com\/tr\/wp-json\/wp\/v2\/pages\/1301\/revisions"}],"predecessor-version":[{"id":1397,"href":"https:\/\/6sigmamuhendislik.com\/tr\/wp-json\/wp\/v2\/pages\/1301\/revisions\/1397"}],"wp:attachment":[{"href":"https:\/\/6sigmamuhendislik.com\/tr\/wp-json\/wp\/v2\/media?parent=1301"}],"curies":[{"name":"wp","href":"https:\/\/api.w.org\/{rel}","templated":true}]}}